{"id":32,"date":"2023-07-05T15:33:06","date_gmt":"2023-07-05T15:33:06","guid":{"rendered":"https:\/\/elenagarciaperez.com\/es\/?page_id=32"},"modified":"2023-08-20T18:25:51","modified_gmt":"2023-08-20T18:25:51","slug":"contacto","status":"publish","type":"page","link":"https:\/\/elenagarciaperez.com\/es\/contacto\/","title":{"rendered":"Contacto"},"content":{"rendered":"\t\t<div data-elementor-type=\"wp-page\" data-elementor-id=\"32\" class=\"elementor elementor-32\" data-elementor-post-type=\"page\">\n\t\t\t\t\t\t<section class=\"elementor-section elementor-top-section elementor-element elementor-element-d993b42 elementor-section-boxed elementor-section-height-default elementor-section-height-default\" data-id=\"d993b42\" data-element_type=\"section\">\n\t\t\t\t\t\t<div class=\"elementor-container elementor-column-gap-default\">\n\t\t\t\t\t<div class=\"elementor-column elementor-col-100 elementor-top-column elementor-element elementor-element-e702829\" data-id=\"e702829\" data-element_type=\"column\">\n\t\t\t<div class=\"elementor-widget-wrap\">\n\t\t\t\t\t\t\t<\/div>\n\t\t<\/div>\n\t\t\t\t\t<\/div>\n\t\t<\/section>\n\t\t\t\t<section class=\"elementor-section elementor-top-section elementor-element elementor-element-ac66707 elementor-section-boxed elementor-section-height-default elementor-section-height-default\" data-id=\"ac66707\" data-element_type=\"section\">\n\t\t\t\t\t\t<div class=\"elementor-container elementor-column-gap-default\">\n\t\t\t\t\t<div class=\"elementor-column elementor-col-50 elementor-top-column elementor-element elementor-element-fb25dec\" data-id=\"fb25dec\" data-element_type=\"column\">\n\t\t\t<div class=\"elementor-widget-wrap elementor-element-populated\">\n\t\t\t\t\t\t<section class=\"elementor-section elementor-inner-section elementor-element elementor-element-96c7b21 elementor-section-boxed elementor-section-height-default elementor-section-height-default\" data-id=\"96c7b21\" data-element_type=\"section\">\n\t\t\t\t\t\t<div class=\"elementor-container elementor-column-gap-default\">\n\t\t\t\t\t<div class=\"elementor-column elementor-col-50 elementor-inner-column elementor-element elementor-element-107f72e\" data-id=\"107f72e\" data-element_type=\"column\">\n\t\t\t<div class=\"elementor-widget-wrap elementor-element-populated\">\n\t\t\t\t\t\t<div class=\"elementor-element elementor-element-1f0e1bf elementor-view-default elementor-widget elementor-widget-icon\" data-id=\"1f0e1bf\" data-element_type=\"widget\" data-widget_type=\"icon.default\">\n\t\t\t\t<div class=\"elementor-widget-container\">\n\t\t\t\t\t\t\t<div class=\"elementor-icon-wrapper\">\n\t\t\t<div class=\"elementor-icon\">\n\t\t\t<i aria-hidden=\"true\" class=\"fas fa-phone-alt\"><\/i>\t\t\t<\/div>\n\t\t<\/div>\n\t\t\t\t\t\t<\/div>\n\t\t\t\t<\/div>\n\t\t\t\t\t<\/div>\n\t\t<\/div>\n\t\t\t\t<div class=\"elementor-column elementor-col-50 elementor-inner-column elementor-element elementor-element-302df42\" data-id=\"302df42\" data-element_type=\"column\">\n\t\t\t<div class=\"elementor-widget-wrap elementor-element-populated\">\n\t\t\t\t\t\t<div class=\"elementor-element elementor-element-f01f936 elementor-widget elementor-widget-text-editor\" data-id=\"f01f936\" data-element_type=\"widget\" data-widget_type=\"text-editor.default\">\n\t\t\t\t<div class=\"elementor-widget-container\">\n\t\t\t\t\t\t\t\t\t<p><a href=\"tel:+336763028\"><span style=\"color: #7a7a7a;\">+ 33 676 76 30 28<\/span><\/a><\/p>\t\t\t\t\t\t\t\t<\/div>\n\t\t\t\t<\/div>\n\t\t\t\t\t<\/div>\n\t\t<\/div>\n\t\t\t\t\t<\/div>\n\t\t<\/section>\n\t\t\t\t\t<\/div>\n\t\t<\/div>\n\t\t\t\t<div class=\"elementor-column elementor-col-50 elementor-top-column elementor-element elementor-element-8ad9808\" data-id=\"8ad9808\" data-element_type=\"column\">\n\t\t\t<div class=\"elementor-widget-wrap elementor-element-populated\">\n\t\t\t\t\t\t<div class=\"elementor-element elementor-element-2c65de3 elementor-widget elementor-widget-image\" data-id=\"2c65de3\" data-element_type=\"widget\" data-widget_type=\"image.default\">\n\t\t\t\t<div class=\"elementor-widget-container\">\n\t\t\t\t\t\t\t\t\t\t\t\t\t\t\t\t<a href=\"https:\/\/wa.me\/33676763028\">\n\t\t\t\t\t\t\t<img fetchpriority=\"high\" decoding=\"async\" width=\"628\" height=\"188\" src=\"https:\/\/elenagarciaperez.com\/es\/wp-content\/uploads\/2023\/07\/Boton-Whatsapp2.png\" class=\"attachment-large size-large wp-image-255\" alt=\"\" srcset=\"https:\/\/elenagarciaperez.com\/es\/wp-content\/uploads\/2023\/07\/Boton-Whatsapp2.png 628w, https:\/\/elenagarciaperez.com\/es\/wp-content\/uploads\/2023\/07\/Boton-Whatsapp2-300x90.png 300w, https:\/\/elenagarciaperez.com\/es\/wp-content\/uploads\/2023\/07\/Boton-Whatsapp2-600x180.png 600w\" sizes=\"(max-width: 628px) 100vw, 628px\" \/>\t\t\t\t\t\t\t\t<\/a>\n\t\t\t\t\t\t\t\t\t\t\t\t\t\t\t<\/div>\n\t\t\t\t<\/div>\n\t\t\t\t\t<\/div>\n\t\t<\/div>\n\t\t\t\t\t<\/div>\n\t\t<\/section>\n\t\t\t\t<section class=\"elementor-section elementor-top-section elementor-element elementor-element-f7bcee4 elementor-section-boxed elementor-section-height-default elementor-section-height-default\" data-id=\"f7bcee4\" data-element_type=\"section\">\n\t\t\t\t\t\t<div class=\"elementor-container elementor-column-gap-default\">\n\t\t\t\t\t<div class=\"elementor-column elementor-col-100 elementor-top-column elementor-element elementor-element-53c6440\" data-id=\"53c6440\" data-element_type=\"column\">\n\t\t\t<div class=\"elementor-widget-wrap elementor-element-populated\">\n\t\t\t\t\t\t<div class=\"elementor-element elementor-element-29bf762 elementor-widget elementor-widget-spacer\" data-id=\"29bf762\" data-element_type=\"widget\" data-widget_type=\"spacer.default\">\n\t\t\t\t<div class=\"elementor-widget-container\">\n\t\t\t\t\t\t\t<div class=\"elementor-spacer\">\n\t\t\t<div class=\"elementor-spacer-inner\"><\/div>\n\t\t<\/div>\n\t\t\t\t\t\t<\/div>\n\t\t\t\t<\/div>\n\t\t\t\t\t<\/div>\n\t\t<\/div>\n\t\t\t\t\t<\/div>\n\t\t<\/section>\n\t\t\t\t<section class=\"elementor-section elementor-top-section elementor-element elementor-element-91a98e4 elementor-section-boxed elementor-section-height-default elementor-section-height-default\" data-id=\"91a98e4\" data-element_type=\"section\">\n\t\t\t\t\t\t<div class=\"elementor-container elementor-column-gap-default\">\n\t\t\t\t\t<div class=\"elementor-column elementor-col-100 elementor-top-column elementor-element elementor-element-35a2889\" data-id=\"35a2889\" data-element_type=\"column\">\n\t\t\t<div class=\"elementor-widget-wrap elementor-element-populated\">\n\t\t\t\t\t\t<div class=\"elementor-element elementor-element-f77efcc elementor-widget elementor-widget-heading\" data-id=\"f77efcc\" data-element_type=\"widget\" data-widget_type=\"heading.default\">\n\t\t\t\t<div class=\"elementor-widget-container\">\n\t\t\t\t\t<h2 class=\"elementor-heading-title elementor-size-default\">M\u00e1ndanos un mail<\/h2>\t\t\t\t<\/div>\n\t\t\t\t<\/div>\n\t\t\t\t\t<\/div>\n\t\t<\/div>\n\t\t\t\t\t<\/div>\n\t\t<\/section>\n\t\t\t\t<section class=\"elementor-section elementor-top-section elementor-element elementor-element-ded5143 elementor-section-boxed elementor-section-height-default elementor-section-height-default\" data-id=\"ded5143\" data-element_type=\"section\" data-settings=\"{&quot;background_background&quot;:&quot;gradient&quot;}\">\n\t\t\t\t\t\t<div class=\"elementor-container elementor-column-gap-default\">\n\t\t\t\t\t<div class=\"elementor-column elementor-col-100 elementor-top-column elementor-element elementor-element-c59e544\" data-id=\"c59e544\" data-element_type=\"column\" data-settings=\"{&quot;background_background&quot;:&quot;gradient&quot;}\">\n\t\t\t<div class=\"elementor-widget-wrap elementor-element-populated\">\n\t\t\t\t\t\t<div class=\"elementor-element elementor-element-c646f9e elementor-button-align-center elementor-widget elementor-widget-form\" data-id=\"c646f9e\" data-element_type=\"widget\" data-settings=\"{&quot;step_next_label&quot;:&quot;Enviar&quot;,&quot;step_previous_label&quot;:&quot;Previous&quot;,&quot;step_type&quot;:&quot;number_text&quot;,&quot;step_icon_shape&quot;:&quot;circle&quot;}\" data-widget_type=\"form.default\">\n\t\t\t\t<div class=\"elementor-widget-container\">\n\t\t\t\t\t\t\t<form class=\"elementor-form\" method=\"post\" name=\"New Form\" aria-label=\"New Form\">\n\t\t\t<input type=\"hidden\" name=\"post_id\" value=\"32\"\/>\n\t\t\t<input type=\"hidden\" name=\"form_id\" value=\"c646f9e\"\/>\n\t\t\t<input type=\"hidden\" name=\"referer_title\" value=\"Elena Garcia Perez\" \/>\n\n\t\t\t\n\t\t\t<div class=\"elementor-form-fields-wrapper elementor-labels-above\">\n\t\t\t\t\t\t\t\t<div class=\"elementor-field-type-text elementor-field-group elementor-column elementor-field-group-name elementor-col-50\">\n\t\t\t\t\t\t\t\t\t\t\t\t<label for=\"form-field-name\" class=\"elementor-field-label\">\n\t\t\t\t\t\t\t\tNombre\t\t\t\t\t\t\t<\/label>\n\t\t\t\t\t\t\t\t\t\t\t\t\t\t<input size=\"1\" type=\"text\" name=\"form_fields[name]\" id=\"form-field-name\" class=\"elementor-field elementor-size-md  elementor-field-textual\" placeholder=\"Nombre\">\n\t\t\t\t\t\t\t\t\t\t\t<\/div>\n\t\t\t\t\t\t\t\t<div class=\"elementor-field-type-text elementor-field-group elementor-column elementor-field-group-field_ff6cdf2 elementor-col-50\">\n\t\t\t\t\t\t\t\t\t\t\t\t<label for=\"form-field-field_ff6cdf2\" class=\"elementor-field-label\">\n\t\t\t\t\t\t\t\tTel\u00e9fono\t\t\t\t\t\t\t<\/label>\n\t\t\t\t\t\t\t\t\t\t\t\t\t\t<input size=\"1\" type=\"text\" name=\"form_fields[field_ff6cdf2]\" id=\"form-field-field_ff6cdf2\" class=\"elementor-field elementor-size-md  elementor-field-textual\" placeholder=\"Tel\u00e9fono\">\n\t\t\t\t\t\t\t\t\t\t\t<\/div>\n\t\t\t\t\t\t\t\t<div class=\"elementor-field-type-email elementor-field-group elementor-column elementor-field-group-email elementor-col-100 elementor-field-required\">\n\t\t\t\t\t\t\t\t\t\t\t\t<label for=\"form-field-email\" class=\"elementor-field-label\">\n\t\t\t\t\t\t\t\tEmail\t\t\t\t\t\t\t<\/label>\n\t\t\t\t\t\t\t\t\t\t\t\t\t\t<input size=\"1\" type=\"email\" name=\"form_fields[email]\" id=\"form-field-email\" class=\"elementor-field elementor-size-md  elementor-field-textual\" placeholder=\"Email\" required=\"required\">\n\t\t\t\t\t\t\t\t\t\t\t<\/div>\n\t\t\t\t\t\t\t\t<div class=\"elementor-field-type-textarea elementor-field-group elementor-column elementor-field-group-message elementor-col-100\">\n\t\t\t\t\t\t\t\t\t\t\t\t<label for=\"form-field-message\" class=\"elementor-field-label\">\n\t\t\t\t\t\t\t\tMensaje\t\t\t\t\t\t\t<\/label>\n\t\t\t\t\t\t<textarea class=\"elementor-field-textual elementor-field  elementor-size-md\" name=\"form_fields[message]\" id=\"form-field-message\" rows=\"4\" placeholder=\"Mensaje\"><\/textarea>\t\t\t\t<\/div>\n\t\t\t\t\t\t\t\t<div class=\"elementor-field-group elementor-column elementor-field-type-submit elementor-col-100 e-form__buttons\">\n\t\t\t\t\t<button class=\"elementor-button elementor-size-sm\" type=\"submit\">\n\t\t\t\t\t\t<span class=\"elementor-button-content-wrapper\">\n\t\t\t\t\t\t\t\t\t\t\t\t\t\t\t\t\t\t\t\t\t\t<span class=\"elementor-button-text\">Enviar<\/span>\n\t\t\t\t\t\t\t\t\t\t\t\t\t<\/span>\n\t\t\t\t\t<\/button>\n\t\t\t\t<\/div>\n\t\t\t<\/div>\n\t\t<\/form>\n\t\t\t\t\t\t<\/div>\n\t\t\t\t<\/div>\n\t\t\t\t\t<\/div>\n\t\t<\/div>\n\t\t\t\t\t<\/div>\n\t\t<\/section>\n\t\t\t\t<section class=\"elementor-section elementor-top-section elementor-element elementor-element-0237241 elementor-section-boxed elementor-section-height-default elementor-section-height-default\" data-id=\"0237241\" data-element_type=\"section\">\n\t\t\t\t\t\t<div class=\"elementor-container elementor-column-gap-default\">\n\t\t\t\t\t<div class=\"elementor-column elementor-col-100 elementor-top-column elementor-element elementor-element-2b55f3a\" data-id=\"2b55f3a\" data-element_type=\"column\">\n\t\t\t<div class=\"elementor-widget-wrap elementor-element-populated\">\n\t\t\t\t\t\t<div class=\"elementor-element elementor-element-1ee1f7b elementor-widget elementor-widget-text-editor\" data-id=\"1ee1f7b\" data-element_type=\"widget\" data-widget_type=\"text-editor.default\">\n\t\t\t\t<div class=\"elementor-widget-container\">\n\t\t\t\t\t\t\t\t\t<p><br aria-hidden=\"true\" \/><i><b><span class=\"x_HwtZe\" lang=\"es\"><span class=\"x_jCAhz x_ChMk0b\"><span class=\"x_ryNqvb\">Agradecemos su inter\u00e9s y nos pondremos en contacto con usted lo antes posible.<\/span><\/span> <span class=\"x_jCAhz x_ChMk0b\"><span class=\"x_ryNqvb\">Su satisfacci\u00f3n es nuestra prioridad absoluta y haremos todo lo posible para responder a sus solicitudes lo antes posible.<\/span><\/span><\/span><\/b><\/i><\/p>\t\t\t\t\t\t\t\t<\/div>\n\t\t\t\t<\/div>\n\t\t\t\t\t<\/div>\n\t\t<\/div>\n\t\t\t\t\t<\/div>\n\t\t<\/section>\n\t\t\t\t<section class=\"elementor-section elementor-top-section elementor-element elementor-element-ae10d2e elementor-section-boxed elementor-section-height-default elementor-section-height-default\" data-id=\"ae10d2e\" data-element_type=\"section\">\n\t\t\t\t\t\t<div class=\"elementor-container elementor-column-gap-default\">\n\t\t\t\t\t<div class=\"elementor-column elementor-col-100 elementor-top-column elementor-element elementor-element-ed0c02c\" data-id=\"ed0c02c\" data-element_type=\"column\">\n\t\t\t<div class=\"elementor-widget-wrap elementor-element-populated\">\n\t\t\t\t\t\t<div class=\"elementor-element elementor-element-d901b15 elementor-widget elementor-widget-spacer\" data-id=\"d901b15\" data-element_type=\"widget\" data-widget_type=\"spacer.default\">\n\t\t\t\t<div class=\"elementor-widget-container\">\n\t\t\t\t\t\t\t<div class=\"elementor-spacer\">\n\t\t\t<div class=\"elementor-spacer-inner\"><\/div>\n\t\t<\/div>\n\t\t\t\t\t\t<\/div>\n\t\t\t\t<\/div>\n\t\t\t\t\t<\/div>\n\t\t<\/div>\n\t\t\t\t\t<\/div>\n\t\t<\/section>\n\t\t\t\t<section class=\"elementor-section elementor-top-section elementor-element elementor-element-ae38cb8 elementor-section-boxed elementor-section-height-default elementor-section-height-default\" data-id=\"ae38cb8\" data-element_type=\"section\">\n\t\t\t\t\t\t<div class=\"elementor-container elementor-column-gap-default\">\n\t\t\t\t\t<div class=\"elementor-column elementor-col-100 elementor-top-column elementor-element elementor-element-a7fdd11\" data-id=\"a7fdd11\" data-element_type=\"column\">\n\t\t\t<div class=\"elementor-widget-wrap elementor-element-populated\">\n\t\t\t\t\t\t<div class=\"elementor-element elementor-element-85e9318 elementor-widget elementor-widget-html\" data-id=\"85e9318\" data-element_type=\"widget\" data-widget_type=\"html.default\">\n\t\t\t\t<div class=\"elementor-widget-container\">\n\t\t\t\t\t<iframe src=\"https:\/\/www.google.com\/maps\/embed?pb=!1m14!1m12!1m3!1d22271.849648141262!2d4.847819048164875!3d45.751522722654!2m3!1f0!2f0!3f0!3m2!1i1024!2i768!4f13.1!5e0!3m2!1ses!2ses!4v1689742994842!5m2!1ses!2ses\" width=\"600\" height=\"450\" style=\"border:0;\" allowfullscreen=\"\" loading=\"lazy\" referrerpolicy=\"no-referrer-when-downgrade\"><\/iframe>\t\t\t\t<\/div>\n\t\t\t\t<\/div>\n\t\t\t\t\t<\/div>\n\t\t<\/div>\n\t\t\t\t\t<\/div>\n\t\t<\/section>\n\t\t\t\t<section class=\"elementor-section elementor-top-section elementor-element elementor-element-6ebc2d3 elementor-section-boxed elementor-section-height-default elementor-section-height-default\" data-id=\"6ebc2d3\" data-element_type=\"section\">\n\t\t\t\t\t\t<div class=\"elementor-container elementor-column-gap-default\">\n\t\t\t\t\t<div class=\"elementor-column elementor-col-100 elementor-top-column elementor-element elementor-element-50bb7b8\" data-id=\"50bb7b8\" data-element_type=\"column\">\n\t\t\t<div class=\"elementor-widget-wrap elementor-element-populated\">\n\t\t\t\t\t\t<div class=\"elementor-element elementor-element-51bd8e9 elementor-widget elementor-widget-spacer\" data-id=\"51bd8e9\" data-element_type=\"widget\" data-widget_type=\"spacer.default\">\n\t\t\t\t<div class=\"elementor-widget-container\">\n\t\t\t\t\t\t\t<div class=\"elementor-spacer\">\n\t\t\t<div class=\"elementor-spacer-inner\"><\/div>\n\t\t<\/div>\n\t\t\t\t\t\t<\/div>\n\t\t\t\t<\/div>\n\t\t\t\t\t<\/div>\n\t\t<\/div>\n\t\t\t\t\t<\/div>\n\t\t<\/section>\n\t\t\t\t<\/div>\n\t\t","protected":false},"excerpt":{"rendered":"<p>+ 33 676 76 30 28 M\u00e1ndanos un mail Agradecemos su inter\u00e9s y nos pondremos en contacto con usted lo antes posible. Su satisfacci\u00f3n es nuestra prioridad absoluta y haremos todo lo posible para responder a sus solicitudes lo antes posible.<\/p>\n","protected":false},"author":1,"featured_media":0,"parent":0,"menu_order":0,"comment_status":"closed","ping_status":"closed","template":"elementor_header_footer","meta":{"_joinchat":[],"footnotes":""},"class_list":["post-32","page","type-page","status-publish","hentry"],"yoast_head":"<!-- This site is optimized with the Yoast SEO plugin v20.11 - https:\/\/yoast.com\/wordpress\/plugins\/seo\/ -->\n<title>Contacto - Elena Garcia Perez<\/title>\n<meta name=\"description\" content=\"\u00bfTienes alguna duda? \u00bfNecesitas ayuda? Ponte en contacto conmigo y te ayudar\u00e9, Elena Garc\u00eda P\u00e9rez. Terapeuta hol\u00edstica.\" \/>\n<meta name=\"robots\" content=\"index, follow, max-snippet:-1, max-image-preview:large, max-video-preview:-1\" \/>\n<link rel=\"canonical\" href=\"https:\/\/elenagarciaperez.com\/es\/contacto\/\" \/>\n<meta property=\"og:locale\" content=\"es_ES\" \/>\n<meta property=\"og:type\" content=\"article\" \/>\n<meta property=\"og:title\" content=\"Contacto - Elena Garcia Perez\" \/>\n<meta property=\"og:description\" content=\"\u00bfTienes alguna duda? \u00bfNecesitas ayuda? Ponte en contacto conmigo y te ayudar\u00e9, Elena Garc\u00eda P\u00e9rez. Terapeuta hol\u00edstica.\" \/>\n<meta property=\"og:url\" content=\"https:\/\/elenagarciaperez.com\/es\/contacto\/\" \/>\n<meta property=\"og:site_name\" content=\"Elena Garcia Perez\" \/>\n<meta property=\"article:modified_time\" content=\"2023-08-20T18:25:51+00:00\" \/>\n<meta property=\"og:image\" content=\"https:\/\/elenagarciaperez.com\/es\/wp-content\/uploads\/2023\/07\/Boton-Whatsapp2.png\" \/>\n<meta name=\"twitter:card\" content=\"summary_large_image\" \/>\n<meta name=\"twitter:label1\" content=\"Tiempo de lectura\" \/>\n\t<meta name=\"twitter:data1\" content=\"1 minuto\" \/>\n<script type=\"application\/ld+json\" class=\"yoast-schema-graph\">{\"@context\":\"https:\/\/schema.org\",\"@graph\":[{\"@type\":\"WebPage\",\"@id\":\"https:\/\/elenagarciaperez.com\/es\/contacto\/\",\"url\":\"https:\/\/elenagarciaperez.com\/es\/contacto\/\",\"name\":\"Contacto - Elena Garcia Perez\",\"isPartOf\":{\"@id\":\"https:\/\/elenagarciaperez.com\/es\/#website\"},\"datePublished\":\"2023-07-05T15:33:06+00:00\",\"dateModified\":\"2023-08-20T18:25:51+00:00\",\"description\":\"\u00bfTienes alguna duda? \u00bfNecesitas ayuda? Ponte en contacto conmigo y te ayudar\u00e9, Elena Garc\u00eda P\u00e9rez. Terapeuta hol\u00edstica.\",\"breadcrumb\":{\"@id\":\"https:\/\/elenagarciaperez.com\/es\/contacto\/#breadcrumb\"},\"inLanguage\":\"es\",\"potentialAction\":[{\"@type\":\"ReadAction\",\"target\":[\"https:\/\/elenagarciaperez.com\/es\/contacto\/\"]}]},{\"@type\":\"BreadcrumbList\",\"@id\":\"https:\/\/elenagarciaperez.com\/es\/contacto\/#breadcrumb\",\"itemListElement\":[{\"@type\":\"ListItem\",\"position\":1,\"name\":\"Portada\",\"item\":\"https:\/\/elenagarciaperez.com\/es\/\"},{\"@type\":\"ListItem\",\"position\":2,\"name\":\"Contacto\"}]},{\"@type\":\"WebSite\",\"@id\":\"https:\/\/elenagarciaperez.com\/es\/#website\",\"url\":\"https:\/\/elenagarciaperez.com\/es\/\",\"name\":\"Elena Garcia Perez\",\"description\":\"\",\"publisher\":{\"@id\":\"https:\/\/elenagarciaperez.com\/es\/#organization\"},\"potentialAction\":[{\"@type\":\"SearchAction\",\"target\":{\"@type\":\"EntryPoint\",\"urlTemplate\":\"https:\/\/elenagarciaperez.com\/es\/?s={search_term_string}\"},\"query-input\":\"required name=search_term_string\"}],\"inLanguage\":\"es\"},{\"@type\":\"Organization\",\"@id\":\"https:\/\/elenagarciaperez.com\/es\/#organization\",\"name\":\"Elena Garcia Perez\",\"url\":\"https:\/\/elenagarciaperez.com\/es\/\",\"logo\":{\"@type\":\"ImageObject\",\"inLanguage\":\"es\",\"@id\":\"https:\/\/elenagarciaperez.com\/es\/#\/schema\/logo\/image\/\",\"url\":\"https:\/\/elenagarciaperez.com\/es\/wp-content\/uploads\/2023\/07\/PipiletPeq.png\",\"contentUrl\":\"https:\/\/elenagarciaperez.com\/es\/wp-content\/uploads\/2023\/07\/PipiletPeq.png\",\"width\":150,\"height\":169,\"caption\":\"Elena Garcia Perez\"},\"image\":{\"@id\":\"https:\/\/elenagarciaperez.com\/es\/#\/schema\/logo\/image\/\"}}]}<\/script>\n<!-- \/ Yoast SEO plugin. -->","yoast_head_json":{"title":"Contacto - Elena Garcia Perez","description":"\u00bfTienes alguna duda? \u00bfNecesitas ayuda? Ponte en contacto conmigo y te ayudar\u00e9, Elena Garc\u00eda P\u00e9rez. Terapeuta hol\u00edstica.","robots":{"index":"index","follow":"follow","max-snippet":"max-snippet:-1","max-image-preview":"max-image-preview:large","max-video-preview":"max-video-preview:-1"},"canonical":"https:\/\/elenagarciaperez.com\/es\/contacto\/","og_locale":"es_ES","og_type":"article","og_title":"Contacto - Elena Garcia Perez","og_description":"\u00bfTienes alguna duda? \u00bfNecesitas ayuda? Ponte en contacto conmigo y te ayudar\u00e9, Elena Garc\u00eda P\u00e9rez. Terapeuta hol\u00edstica.","og_url":"https:\/\/elenagarciaperez.com\/es\/contacto\/","og_site_name":"Elena Garcia Perez","article_modified_time":"2023-08-20T18:25:51+00:00","og_image":[{"url":"https:\/\/elenagarciaperez.com\/es\/wp-content\/uploads\/2023\/07\/Boton-Whatsapp2.png"}],"twitter_card":"summary_large_image","twitter_misc":{"Tiempo de lectura":"1 minuto"},"schema":{"@context":"https:\/\/schema.org","@graph":[{"@type":"WebPage","@id":"https:\/\/elenagarciaperez.com\/es\/contacto\/","url":"https:\/\/elenagarciaperez.com\/es\/contacto\/","name":"Contacto - Elena Garcia Perez","isPartOf":{"@id":"https:\/\/elenagarciaperez.com\/es\/#website"},"datePublished":"2023-07-05T15:33:06+00:00","dateModified":"2023-08-20T18:25:51+00:00","description":"\u00bfTienes alguna duda? \u00bfNecesitas ayuda? Ponte en contacto conmigo y te ayudar\u00e9, Elena Garc\u00eda P\u00e9rez. Terapeuta hol\u00edstica.","breadcrumb":{"@id":"https:\/\/elenagarciaperez.com\/es\/contacto\/#breadcrumb"},"inLanguage":"es","potentialAction":[{"@type":"ReadAction","target":["https:\/\/elenagarciaperez.com\/es\/contacto\/"]}]},{"@type":"BreadcrumbList","@id":"https:\/\/elenagarciaperez.com\/es\/contacto\/#breadcrumb","itemListElement":[{"@type":"ListItem","position":1,"name":"Portada","item":"https:\/\/elenagarciaperez.com\/es\/"},{"@type":"ListItem","position":2,"name":"Contacto"}]},{"@type":"WebSite","@id":"https:\/\/elenagarciaperez.com\/es\/#website","url":"https:\/\/elenagarciaperez.com\/es\/","name":"Elena Garcia Perez","description":"","publisher":{"@id":"https:\/\/elenagarciaperez.com\/es\/#organization"},"potentialAction":[{"@type":"SearchAction","target":{"@type":"EntryPoint","urlTemplate":"https:\/\/elenagarciaperez.com\/es\/?s={search_term_string}"},"query-input":"required name=search_term_string"}],"inLanguage":"es"},{"@type":"Organization","@id":"https:\/\/elenagarciaperez.com\/es\/#organization","name":"Elena Garcia Perez","url":"https:\/\/elenagarciaperez.com\/es\/","logo":{"@type":"ImageObject","inLanguage":"es","@id":"https:\/\/elenagarciaperez.com\/es\/#\/schema\/logo\/image\/","url":"https:\/\/elenagarciaperez.com\/es\/wp-content\/uploads\/2023\/07\/PipiletPeq.png","contentUrl":"https:\/\/elenagarciaperez.com\/es\/wp-content\/uploads\/2023\/07\/PipiletPeq.png","width":150,"height":169,"caption":"Elena Garcia Perez"},"image":{"@id":"https:\/\/elenagarciaperez.com\/es\/#\/schema\/logo\/image\/"}}]}},"_links":{"self":[{"href":"https:\/\/elenagarciaperez.com\/es\/wp-json\/wp\/v2\/pages\/32","targetHints":{"allow":["GET"]}}],"collection":[{"href":"https:\/\/elenagarciaperez.com\/es\/wp-json\/wp\/v2\/pages"}],"about":[{"href":"https:\/\/elenagarciaperez.com\/es\/wp-json\/wp\/v2\/types\/page"}],"author":[{"embeddable":true,"href":"https:\/\/elenagarciaperez.com\/es\/wp-json\/wp\/v2\/users\/1"}],"replies":[{"embeddable":true,"href":"https:\/\/elenagarciaperez.com\/es\/wp-json\/wp\/v2\/comments?post=32"}],"version-history":[{"count":23,"href":"https:\/\/elenagarciaperez.com\/es\/wp-json\/wp\/v2\/pages\/32\/revisions"}],"predecessor-version":[{"id":1105,"href":"https:\/\/elenagarciaperez.com\/es\/wp-json\/wp\/v2\/pages\/32\/revisions\/1105"}],"wp:attachment":[{"href":"https:\/\/elenagarciaperez.com\/es\/wp-json\/wp\/v2\/media?parent=32"}],"curies":[{"name":"wp","href":"https:\/\/api.w.org\/{rel}","templated":true}]}}