{"id":722,"date":"2023-07-13T16:19:20","date_gmt":"2023-07-13T16:19:20","guid":{"rendered":"https:\/\/elenagarciaperez.com\/es\/?page_id=722"},"modified":"2023-08-20T18:24:07","modified_gmt":"2023-08-20T18:24:07","slug":"reconexion-axiatonal","status":"publish","type":"page","link":"https:\/\/elenagarciaperez.com\/es\/reconexion-axiatonal\/","title":{"rendered":"Reconexi\u00f3n Axiatonal"},"content":{"rendered":"\t\t<div data-elementor-type=\"wp-page\" data-elementor-id=\"722\" class=\"elementor elementor-722\" data-elementor-post-type=\"page\">\n\t\t\t\t\t\t<section class=\"elementor-section elementor-top-section elementor-element elementor-element-f871a72 elementor-section-full_width elementor-section-height-default elementor-section-height-default\" data-id=\"f871a72\" data-element_type=\"section\">\n\t\t\t\t\t\t<div class=\"elementor-container elementor-column-gap-no\">\n\t\t\t\t\t<div class=\"elementor-column elementor-col-100 elementor-top-column elementor-element elementor-element-e921879\" data-id=\"e921879\" data-element_type=\"column\">\n\t\t\t<div class=\"elementor-widget-wrap elementor-element-populated\">\n\t\t\t\t\t\t<div class=\"elementor-element elementor-element-efba4cd elementor-widget elementor-widget-image\" data-id=\"efba4cd\" data-element_type=\"widget\" data-widget_type=\"image.default\">\n\t\t\t\t<div class=\"elementor-widget-container\">\n\t\t\t\t\t\t\t\t\t\t\t\t\t\t\t<img fetchpriority=\"high\" decoding=\"async\" width=\"800\" height=\"534\" src=\"https:\/\/elenagarciaperez.com\/es\/wp-content\/uploads\/2023\/07\/reconexion-1024x683.jpg\" class=\"attachment-large size-large wp-image-792\" alt=\"\" srcset=\"https:\/\/elenagarciaperez.com\/es\/wp-content\/uploads\/2023\/07\/reconexion-1024x683.jpg 1024w, https:\/\/elenagarciaperez.com\/es\/wp-content\/uploads\/2023\/07\/reconexion-300x200.jpg 300w, https:\/\/elenagarciaperez.com\/es\/wp-content\/uploads\/2023\/07\/reconexion-768x512.jpg 768w, https:\/\/elenagarciaperez.com\/es\/wp-content\/uploads\/2023\/07\/reconexion-1536x1024.jpg 1536w, https:\/\/elenagarciaperez.com\/es\/wp-content\/uploads\/2023\/07\/reconexion.jpg 1620w\" sizes=\"(max-width: 800px) 100vw, 800px\" \/>\t\t\t\t\t\t\t\t\t\t\t\t\t\t\t<\/div>\n\t\t\t\t<\/div>\n\t\t\t\t\t<\/div>\n\t\t<\/div>\n\t\t\t\t\t<\/div>\n\t\t<\/section>\n\t\t\t\t<section class=\"elementor-section elementor-top-section elementor-element elementor-element-b397fd5 elementor-section-boxed elementor-section-height-default elementor-section-height-default\" data-id=\"b397fd5\" data-element_type=\"section\">\n\t\t\t\t\t\t<div class=\"elementor-container elementor-column-gap-default\">\n\t\t\t\t\t<div class=\"elementor-column elementor-col-100 elementor-top-column elementor-element elementor-element-2b8d591\" data-id=\"2b8d591\" data-element_type=\"column\">\n\t\t\t<div class=\"elementor-widget-wrap elementor-element-populated\">\n\t\t\t\t\t\t<div class=\"elementor-element elementor-element-824bb1d elementor-widget elementor-widget-spacer\" data-id=\"824bb1d\" data-element_type=\"widget\" data-widget_type=\"spacer.default\">\n\t\t\t\t<div class=\"elementor-widget-container\">\n\t\t\t\t\t\t\t<div class=\"elementor-spacer\">\n\t\t\t<div class=\"elementor-spacer-inner\"><\/div>\n\t\t<\/div>\n\t\t\t\t\t\t<\/div>\n\t\t\t\t<\/div>\n\t\t\t\t\t<\/div>\n\t\t<\/div>\n\t\t\t\t\t<\/div>\n\t\t<\/section>\n\t\t\t\t<section class=\"elementor-section elementor-top-section elementor-element elementor-element-f4cb4cd elementor-section-boxed elementor-section-height-default elementor-section-height-default\" data-id=\"f4cb4cd\" data-element_type=\"section\">\n\t\t\t\t\t\t<div class=\"elementor-container elementor-column-gap-default\">\n\t\t\t\t\t<div class=\"elementor-column elementor-col-100 elementor-top-column elementor-element elementor-element-1feff63\" data-id=\"1feff63\" data-element_type=\"column\">\n\t\t\t<div class=\"elementor-widget-wrap elementor-element-populated\">\n\t\t\t\t\t\t<div class=\"elementor-element elementor-element-46f1a90 elementor-widget elementor-widget-text-editor\" data-id=\"46f1a90\" data-element_type=\"widget\" data-widget_type=\"text-editor.default\">\n\t\t\t\t<div class=\"elementor-widget-container\">\n\t\t\t\t\t\t\t\t\t<p class=\"Standard\" style=\"text-align: justify;\"><b><span style=\"color: black;\">La Reconexi\u00f3n es el segundo paso en el camino hacia la Activaci\u00f3n del Chakra Unificado. Est\u00e1 compuesto por un total de 2 sesiones, representa la fase final del ACU. En este punto activamos un nuevo patr\u00f3n de l\u00edenas axiatonales que tiene la capacidad de restablecer la conexi\u00f3n entre la red de meridianos calibrada y alineada durante el Ciclo 1 y la cuadr\u00edcula energ\u00e9tica de la Tierra.<\/span><\/b><\/p>\t\t\t\t\t\t\t\t<\/div>\n\t\t\t\t<\/div>\n\t\t\t\t\t<\/div>\n\t\t<\/div>\n\t\t\t\t\t<\/div>\n\t\t<\/section>\n\t\t\t\t<section class=\"elementor-section elementor-top-section elementor-element elementor-element-ef181a2 elementor-section-boxed elementor-section-height-default elementor-section-height-default\" data-id=\"ef181a2\" data-element_type=\"section\">\n\t\t\t\t\t\t<div class=\"elementor-container elementor-column-gap-default\">\n\t\t\t\t\t<div class=\"elementor-column elementor-col-100 elementor-top-column elementor-element elementor-element-ae8ba62\" data-id=\"ae8ba62\" data-element_type=\"column\">\n\t\t\t<div class=\"elementor-widget-wrap elementor-element-populated\">\n\t\t\t\t\t\t<div class=\"elementor-element elementor-element-2e8106e elementor-widget elementor-widget-text-editor\" data-id=\"2e8106e\" data-element_type=\"widget\" data-widget_type=\"text-editor.default\">\n\t\t\t\t<div class=\"elementor-widget-container\">\n\t\t\t\t\t\t\t\t\t<p class=\"Textbody\" style=\"margin-bottom: 0cm; text-align: justify;\"><span style=\"font-family: 'georgia\\, \\'times new roman\\'\\, ser'; color: black; background: white;\">Esto te permitir\u00e1 reconectar con tu patr\u00f3n vibratorio particular, con tu Dise\u00f1o Original y acceder en plena consciencia a tu camino evolutivo, tu don \u00fanico y tu prop\u00f3sito de vida.<\/span><\/p>\t\t\t\t\t\t\t\t<\/div>\n\t\t\t\t<\/div>\n\t\t\t\t\t<\/div>\n\t\t<\/div>\n\t\t\t\t\t<\/div>\n\t\t<\/section>\n\t\t\t\t<section class=\"elementor-section elementor-top-section elementor-element elementor-element-39ac231 elementor-section-boxed elementor-section-height-default elementor-section-height-default\" data-id=\"39ac231\" data-element_type=\"section\">\n\t\t\t\t\t\t<div class=\"elementor-container elementor-column-gap-default\">\n\t\t\t\t\t<div class=\"elementor-column elementor-col-100 elementor-top-column elementor-element elementor-element-8584f6f\" data-id=\"8584f6f\" data-element_type=\"column\">\n\t\t\t<div class=\"elementor-widget-wrap elementor-element-populated\">\n\t\t\t\t\t\t<div class=\"elementor-element elementor-element-ad6c8ce elementor-widget elementor-widget-text-editor\" data-id=\"ad6c8ce\" data-element_type=\"widget\" data-widget_type=\"text-editor.default\">\n\t\t\t\t<div class=\"elementor-widget-container\">\n\t\t\t\t\t\t\t\t\t<p class=\"Textbody\" style=\"margin-bottom: 0cm; text-align: justify;\"><span style=\"font-family: 'georgia\\, \\'times new roman\\'\\, ser'; color: #333333; background: white;\">Cuando conectamos con esta red, la energ\u00eda Axiatonal fluye hacia el interior de tus Meridianos de Acupuntura. Entonces, los Meridianos Axiatonales que yacen a lo largo de tus Meridianos de Acupuntura introducir\u00e1n Energ\u00eda Axiatonal a trav\u00e9s de V\u00f3rtices o Puntos de Giro Neur\u00e1lgicos tanto en tu Sistema Circulatorio Axial como en tus Meridianos de Acupuntura. Este flujo asegura que toda la red energ\u00e9tica y celular funcione en armon\u00eda.<\/span><\/p><p class=\"Textbody\" style=\"margin-bottom: 0cm; text-align: justify;\"><span style=\"font-family: 'georgia\\, \\'times new roman\\'\\, ser'; color: #333333; background: white;\">Esto te permitir\u00e1 reconectar con la Matriz Geom\u00e9trica que sostiene la vida. Las l\u00edneas Axiatonales favorecen el intercambio fluido de informaci\u00f3n entre el individuo y el Punto Cero, permitiendo que toda la informaci\u00f3n recabada por el alma en sus sucesivas encarnaciones retorne a la Fuente para poder ser resignificada dentro de un contexto m\u00e1s amplio, abri\u00e9ndonos a una percepci\u00f3n de nuestras experiencias vitales sostenida por una nueva l\u00f3gica, global, neutra y disociada de los l\u00edmites y condicionamientos de la dualidad.<\/span><\/p>\t\t\t\t\t\t\t\t<\/div>\n\t\t\t\t<\/div>\n\t\t\t\t\t<\/div>\n\t\t<\/div>\n\t\t\t\t\t<\/div>\n\t\t<\/section>\n\t\t\t\t<section class=\"elementor-section elementor-top-section elementor-element elementor-element-4fed631 elementor-section-full_width elementor-section-height-default elementor-section-height-default\" data-id=\"4fed631\" data-element_type=\"section\" data-settings=\"{&quot;background_background&quot;:&quot;slideshow&quot;,&quot;background_slideshow_gallery&quot;:[{&quot;id&quot;:541,&quot;url&quot;:&quot;https:\\\/\\\/elenagarciaperez.com\\\/es\\\/wp-content\\\/uploads\\\/2023\\\/07\\\/Acu4-2.jpg&quot;}],&quot;background_slideshow_loop&quot;:&quot;yes&quot;,&quot;background_slideshow_slide_duration&quot;:5000,&quot;background_slideshow_slide_transition&quot;:&quot;fade&quot;,&quot;background_slideshow_transition_duration&quot;:500}\">\n\t\t\t\t\t\t<div class=\"elementor-container elementor-column-gap-no\">\n\t\t\t\t\t<div class=\"elementor-column elementor-col-100 elementor-top-column elementor-element elementor-element-4daaaf4\" data-id=\"4daaaf4\" data-element_type=\"column\">\n\t\t\t<div class=\"elementor-widget-wrap elementor-element-populated\">\n\t\t\t\t\t\t<div class=\"elementor-element elementor-element-e589680 elementor-widget elementor-widget-spacer\" data-id=\"e589680\" data-element_type=\"widget\" data-widget_type=\"spacer.default\">\n\t\t\t\t<div class=\"elementor-widget-container\">\n\t\t\t\t\t\t\t<div class=\"elementor-spacer\">\n\t\t\t<div class=\"elementor-spacer-inner\"><\/div>\n\t\t<\/div>\n\t\t\t\t\t\t<\/div>\n\t\t\t\t<\/div>\n\t\t\t\t\t<\/div>\n\t\t<\/div>\n\t\t\t\t\t<\/div>\n\t\t<\/section>\n\t\t\t\t<section class=\"elementor-section elementor-top-section elementor-element elementor-element-3f41ee3 elementor-section-boxed elementor-section-height-default elementor-section-height-default\" data-id=\"3f41ee3\" data-element_type=\"section\" data-settings=\"{&quot;background_background&quot;:&quot;slideshow&quot;,&quot;background_slideshow_gallery&quot;:[{&quot;id&quot;:331,&quot;url&quot;:&quot;https:\\\/\\\/elenagarciaperez.com\\\/es\\\/wp-content\\\/uploads\\\/2023\\\/07\\\/princ3.jpg&quot;}],&quot;background_slideshow_loop&quot;:&quot;yes&quot;,&quot;background_slideshow_slide_duration&quot;:5000,&quot;background_slideshow_slide_transition&quot;:&quot;fade&quot;,&quot;background_slideshow_transition_duration&quot;:500}\">\n\t\t\t\t\t\t<div class=\"elementor-container elementor-column-gap-no\">\n\t\t\t\t\t<div class=\"elementor-column elementor-col-100 elementor-top-column elementor-element elementor-element-543a993\" data-id=\"543a993\" data-element_type=\"column\">\n\t\t\t<div class=\"elementor-widget-wrap elementor-element-populated\">\n\t\t\t\t\t\t<div class=\"elementor-element elementor-element-b5b3052 elementor-widget elementor-widget-text-editor\" data-id=\"b5b3052\" data-element_type=\"widget\" data-widget_type=\"text-editor.default\">\n\t\t\t\t<div class=\"elementor-widget-container\">\n\t\t\t\t\t\t\t\t\t<p><i>La Activaci\u00f3n del Chakra Unificado es algo profundamente personal e \u00edntimo que se realiza una sola vez en la vida. Es una experiencia que ya ha sido orquestado por el alma. El momento adecuado ser\u00e1 cuando lo sientas y el proceso de reconexi\u00f3n se desplegar\u00e1 de nanear impecable, imparable e impredecible, de forma que sea m\u00e1s perfecta para ti.<\/i><\/p>\t\t\t\t\t\t\t\t<\/div>\n\t\t\t\t<\/div>\n\t\t\t\t\t<\/div>\n\t\t<\/div>\n\t\t\t\t\t<\/div>\n\t\t<\/section>\n\t\t\t\t<section class=\"elementor-section elementor-top-section elementor-element elementor-element-c4c987d elementor-section-boxed elementor-section-height-default elementor-section-height-default\" data-id=\"c4c987d\" data-element_type=\"section\">\n\t\t\t\t\t\t<div class=\"elementor-container elementor-column-gap-default\">\n\t\t\t\t\t<div class=\"elementor-column elementor-col-100 elementor-top-column elementor-element elementor-element-86caf4f\" data-id=\"86caf4f\" data-element_type=\"column\">\n\t\t\t<div class=\"elementor-widget-wrap elementor-element-populated\">\n\t\t\t\t\t\t<div class=\"elementor-element elementor-element-2426f27 elementor-widget elementor-widget-spacer\" data-id=\"2426f27\" data-element_type=\"widget\" data-widget_type=\"spacer.default\">\n\t\t\t\t<div class=\"elementor-widget-container\">\n\t\t\t\t\t\t\t<div class=\"elementor-spacer\">\n\t\t\t<div class=\"elementor-spacer-inner\"><\/div>\n\t\t<\/div>\n\t\t\t\t\t\t<\/div>\n\t\t\t\t<\/div>\n\t\t\t\t\t<\/div>\n\t\t<\/div>\n\t\t\t\t\t<\/div>\n\t\t<\/section>\n\t\t\t\t<section class=\"elementor-section elementor-top-section elementor-element elementor-element-e6339dc elementor-section-boxed elementor-section-height-default elementor-section-height-default\" data-id=\"e6339dc\" data-element_type=\"section\">\n\t\t\t\t\t\t<div class=\"elementor-container elementor-column-gap-default\">\n\t\t\t\t\t<div class=\"elementor-column elementor-col-100 elementor-top-column elementor-element elementor-element-211264c\" data-id=\"211264c\" data-element_type=\"column\">\n\t\t\t<div class=\"elementor-widget-wrap elementor-element-populated\">\n\t\t\t\t\t\t<div class=\"elementor-element elementor-element-c219c7b elementor-widget elementor-widget-heading\" data-id=\"c219c7b\" data-element_type=\"widget\" data-widget_type=\"heading.default\">\n\t\t\t\t<div class=\"elementor-widget-container\">\n\t\t\t\t\t<h2 class=\"elementor-heading-title elementor-size-default\">Reconexi\u00f3n Axiatonal<\/h2>\t\t\t\t<\/div>\n\t\t\t\t<\/div>\n\t\t\t\t<div class=\"elementor-element elementor-element-3b6fd49 elementor-widget elementor-widget-heading\" data-id=\"3b6fd49\" data-element_type=\"widget\" data-widget_type=\"heading.default\">\n\t\t\t\t<div class=\"elementor-widget-container\">\n\t\t\t\t\t<h2 class=\"elementor-heading-title elementor-size-default\">Ciclo 2<\/h2>\t\t\t\t<\/div>\n\t\t\t\t<\/div>\n\t\t\t\t<div class=\"elementor-element elementor-element-a852f32 elementor-widget elementor-widget-image\" data-id=\"a852f32\" data-element_type=\"widget\" data-widget_type=\"image.default\">\n\t\t\t\t<div class=\"elementor-widget-container\">\n\t\t\t\t\t\t\t\t\t\t\t\t\t\t\t<img decoding=\"async\" width=\"800\" height=\"44\" src=\"https:\/\/elenagarciaperez.com\/es\/wp-content\/uploads\/2023\/07\/caracolaLineas-1-1024x56.jpg\" class=\"attachment-large size-large wp-image-867\" alt=\"\" srcset=\"https:\/\/elenagarciaperez.com\/es\/wp-content\/uploads\/2023\/07\/caracolaLineas-1-1024x56.jpg 1024w, https:\/\/elenagarciaperez.com\/es\/wp-content\/uploads\/2023\/07\/caracolaLineas-1-300x16.jpg 300w, https:\/\/elenagarciaperez.com\/es\/wp-content\/uploads\/2023\/07\/caracolaLineas-1-768x42.jpg 768w, https:\/\/elenagarciaperez.com\/es\/wp-content\/uploads\/2023\/07\/caracolaLineas-1.jpg 1234w\" sizes=\"(max-width: 800px) 100vw, 800px\" \/>\t\t\t\t\t\t\t\t\t\t\t\t\t\t\t<\/div>\n\t\t\t\t<\/div>\n\t\t\t\t<div class=\"elementor-element elementor-element-1d2520a elementor-widget elementor-widget-text-editor\" data-id=\"1d2520a\" data-element_type=\"widget\" data-widget_type=\"text-editor.default\">\n\t\t\t\t<div class=\"elementor-widget-container\">\n\t\t\t\t\t\t\t\t\t<p style=\"text-align: center;\">* 2 Sesiones en d\u00edas Consecutivos o Alternos&nbsp;&nbsp;&nbsp;&nbsp;&nbsp;&nbsp;&nbsp;&nbsp;&nbsp;<\/p>\n<p style=\"text-align: center;\">* Presencial y Distancia&nbsp;&nbsp;<\/p>\n<p style=\"text-align: center;\">* 40-50 minutos por Sesi\u00f3n<\/p>\n<p style=\"text-align: center;\">* El precio incluyen las 2 Sesiones&nbsp;&nbsp;<\/p>\t\t\t\t\t\t\t\t<\/div>\n\t\t\t\t<\/div>\n\t\t\t\t<div class=\"elementor-element elementor-element-078adb7 elementor-widget elementor-widget-heading\" data-id=\"078adb7\" data-element_type=\"widget\" data-widget_type=\"heading.default\">\n\t\t\t\t<div class=\"elementor-widget-container\">\n\t\t\t\t\t<h2 class=\"elementor-heading-title elementor-size-default\">222 \u20ac<\/h2>\t\t\t\t<\/div>\n\t\t\t\t<\/div>\n\t\t\t\t<div class=\"elementor-element elementor-element-a76ea1c elementor-align-center elementor-widget elementor-widget-button\" data-id=\"a76ea1c\" data-element_type=\"widget\" data-widget_type=\"button.default\">\n\t\t\t\t<div class=\"elementor-widget-container\">\n\t\t\t\t\t\t\t\t\t<div class=\"elementor-button-wrapper\">\n\t\t\t\t\t<a class=\"elementor-button elementor-button-link elementor-size-sm\" href=\"https:\/\/elenagarciaperez.com\/es\/index.php\/contacto\/\">\n\t\t\t\t\t\t<span class=\"elementor-button-content-wrapper\">\n\t\t\t\t\t\t\t\t\t<span class=\"elementor-button-text\">Reserva tu Cita<\/span>\n\t\t\t\t\t<\/span>\n\t\t\t\t\t<\/a>\n\t\t\t\t<\/div>\n\t\t\t\t\t\t\t\t<\/div>\n\t\t\t\t<\/div>\n\t\t\t\t<div class=\"elementor-element elementor-element-60a78b7 elementor-widget elementor-widget-spacer\" data-id=\"60a78b7\" data-element_type=\"widget\" data-widget_type=\"spacer.default\">\n\t\t\t\t<div class=\"elementor-widget-container\">\n\t\t\t\t\t\t\t<div class=\"elementor-spacer\">\n\t\t\t<div class=\"elementor-spacer-inner\"><\/div>\n\t\t<\/div>\n\t\t\t\t\t\t<\/div>\n\t\t\t\t<\/div>\n\t\t\t\t\t<\/div>\n\t\t<\/div>\n\t\t\t\t\t<\/div>\n\t\t<\/section>\n\t\t\t\t<section class=\"elementor-section elementor-top-section elementor-element elementor-element-05d41aa elementor-section-boxed elementor-section-height-default elementor-section-height-default\" data-id=\"05d41aa\" data-element_type=\"section\">\n\t\t\t\t\t\t<div class=\"elementor-container elementor-column-gap-default\">\n\t\t\t\t\t<div class=\"elementor-column elementor-col-100 elementor-top-column elementor-element elementor-element-d04edf9\" data-id=\"d04edf9\" data-element_type=\"column\">\n\t\t\t<div class=\"elementor-widget-wrap elementor-element-populated\">\n\t\t\t\t\t\t<div class=\"elementor-element elementor-element-72ad96f elementor-widget elementor-widget-spacer\" data-id=\"72ad96f\" data-element_type=\"widget\" data-widget_type=\"spacer.default\">\n\t\t\t\t<div class=\"elementor-widget-container\">\n\t\t\t\t\t\t\t<div class=\"elementor-spacer\">\n\t\t\t<div class=\"elementor-spacer-inner\"><\/div>\n\t\t<\/div>\n\t\t\t\t\t\t<\/div>\n\t\t\t\t<\/div>\n\t\t\t\t\t<\/div>\n\t\t<\/div>\n\t\t\t\t\t<\/div>\n\t\t<\/section>\n\t\t\t\t<\/div>\n\t\t","protected":false},"excerpt":{"rendered":"<p>La Reconexi\u00f3n es el segundo paso en el camino hacia la Activaci\u00f3n del Chakra Unificado. Est\u00e1 compuesto por un total de 2 sesiones, representa la fase final del ACU. En este punto activamos un nuevo patr\u00f3n de l\u00edenas axiatonales que tiene la capacidad de restablecer la conexi\u00f3n entre la red de meridianos calibrada y alineada [&hellip;]<\/p>\n","protected":false},"author":1,"featured_media":0,"parent":0,"menu_order":0,"comment_status":"closed","ping_status":"closed","template":"elementor_header_footer","meta":{"_joinchat":[],"footnotes":""},"class_list":["post-722","page","type-page","status-publish","hentry"],"yoast_head":"<!-- This site is optimized with the Yoast SEO plugin v20.11 - https:\/\/yoast.com\/wordpress\/plugins\/seo\/ -->\n<title>Reconexi\u00f3n Axiatonal - Elena Garcia Perez<\/title>\n<meta name=\"description\" content=\"La Reconexi\u00f3n Axiatonal es el segundo paso en el camino hacia la Activaci\u00f3n del Chakra Unificado. Representa la fase final del ACU.\" \/>\n<meta name=\"robots\" content=\"index, follow, max-snippet:-1, max-image-preview:large, max-video-preview:-1\" \/>\n<link rel=\"canonical\" href=\"https:\/\/elenagarciaperez.com\/es\/reconexion-axiatonal\/\" \/>\n<meta property=\"og:locale\" content=\"es_ES\" \/>\n<meta property=\"og:type\" content=\"article\" \/>\n<meta property=\"og:title\" content=\"Reconexi\u00f3n Axiatonal - Elena Garcia Perez\" \/>\n<meta property=\"og:description\" content=\"La Reconexi\u00f3n Axiatonal es el segundo paso en el camino hacia la Activaci\u00f3n del Chakra Unificado. Representa la fase final del ACU.\" \/>\n<meta property=\"og:url\" content=\"https:\/\/elenagarciaperez.com\/es\/reconexion-axiatonal\/\" \/>\n<meta property=\"og:site_name\" content=\"Elena Garcia Perez\" \/>\n<meta property=\"article:modified_time\" content=\"2023-08-20T18:24:07+00:00\" \/>\n<meta property=\"og:image\" content=\"https:\/\/elenagarciaperez.com\/es\/wp-content\/uploads\/2023\/07\/reconexion-1024x683.jpg\" \/>\n<meta name=\"twitter:card\" content=\"summary_large_image\" \/>\n<meta name=\"twitter:label1\" content=\"Tiempo de lectura\" \/>\n\t<meta name=\"twitter:data1\" content=\"2 minutos\" \/>\n<script type=\"application\/ld+json\" class=\"yoast-schema-graph\">{\"@context\":\"https:\/\/schema.org\",\"@graph\":[{\"@type\":\"WebPage\",\"@id\":\"https:\/\/elenagarciaperez.com\/es\/reconexion-axiatonal\/\",\"url\":\"https:\/\/elenagarciaperez.com\/es\/reconexion-axiatonal\/\",\"name\":\"Reconexi\u00f3n Axiatonal - Elena Garcia Perez\",\"isPartOf\":{\"@id\":\"https:\/\/elenagarciaperez.com\/es\/#website\"},\"datePublished\":\"2023-07-13T16:19:20+00:00\",\"dateModified\":\"2023-08-20T18:24:07+00:00\",\"description\":\"La Reconexi\u00f3n Axiatonal es el segundo paso en el camino hacia la Activaci\u00f3n del Chakra Unificado. Representa la fase final del ACU.\",\"breadcrumb\":{\"@id\":\"https:\/\/elenagarciaperez.com\/es\/reconexion-axiatonal\/#breadcrumb\"},\"inLanguage\":\"es\",\"potentialAction\":[{\"@type\":\"ReadAction\",\"target\":[\"https:\/\/elenagarciaperez.com\/es\/reconexion-axiatonal\/\"]}]},{\"@type\":\"BreadcrumbList\",\"@id\":\"https:\/\/elenagarciaperez.com\/es\/reconexion-axiatonal\/#breadcrumb\",\"itemListElement\":[{\"@type\":\"ListItem\",\"position\":1,\"name\":\"Portada\",\"item\":\"https:\/\/elenagarciaperez.com\/es\/\"},{\"@type\":\"ListItem\",\"position\":2,\"name\":\"Reconexi\u00f3n Axiatonal\"}]},{\"@type\":\"WebSite\",\"@id\":\"https:\/\/elenagarciaperez.com\/es\/#website\",\"url\":\"https:\/\/elenagarciaperez.com\/es\/\",\"name\":\"Elena Garcia Perez\",\"description\":\"\",\"publisher\":{\"@id\":\"https:\/\/elenagarciaperez.com\/es\/#organization\"},\"potentialAction\":[{\"@type\":\"SearchAction\",\"target\":{\"@type\":\"EntryPoint\",\"urlTemplate\":\"https:\/\/elenagarciaperez.com\/es\/?s={search_term_string}\"},\"query-input\":\"required name=search_term_string\"}],\"inLanguage\":\"es\"},{\"@type\":\"Organization\",\"@id\":\"https:\/\/elenagarciaperez.com\/es\/#organization\",\"name\":\"Elena Garcia Perez\",\"url\":\"https:\/\/elenagarciaperez.com\/es\/\",\"logo\":{\"@type\":\"ImageObject\",\"inLanguage\":\"es\",\"@id\":\"https:\/\/elenagarciaperez.com\/es\/#\/schema\/logo\/image\/\",\"url\":\"https:\/\/elenagarciaperez.com\/es\/wp-content\/uploads\/2023\/07\/PipiletPeq.png\",\"contentUrl\":\"https:\/\/elenagarciaperez.com\/es\/wp-content\/uploads\/2023\/07\/PipiletPeq.png\",\"width\":150,\"height\":169,\"caption\":\"Elena Garcia Perez\"},\"image\":{\"@id\":\"https:\/\/elenagarciaperez.com\/es\/#\/schema\/logo\/image\/\"}}]}<\/script>\n<!-- \/ Yoast SEO plugin. -->","yoast_head_json":{"title":"Reconexi\u00f3n Axiatonal - Elena Garcia Perez","description":"La Reconexi\u00f3n Axiatonal es el segundo paso en el camino hacia la Activaci\u00f3n del Chakra Unificado. Representa la fase final del ACU.","robots":{"index":"index","follow":"follow","max-snippet":"max-snippet:-1","max-image-preview":"max-image-preview:large","max-video-preview":"max-video-preview:-1"},"canonical":"https:\/\/elenagarciaperez.com\/es\/reconexion-axiatonal\/","og_locale":"es_ES","og_type":"article","og_title":"Reconexi\u00f3n Axiatonal - Elena Garcia Perez","og_description":"La Reconexi\u00f3n Axiatonal es el segundo paso en el camino hacia la Activaci\u00f3n del Chakra Unificado. Representa la fase final del ACU.","og_url":"https:\/\/elenagarciaperez.com\/es\/reconexion-axiatonal\/","og_site_name":"Elena Garcia Perez","article_modified_time":"2023-08-20T18:24:07+00:00","og_image":[{"url":"https:\/\/elenagarciaperez.com\/es\/wp-content\/uploads\/2023\/07\/reconexion-1024x683.jpg"}],"twitter_card":"summary_large_image","twitter_misc":{"Tiempo de lectura":"2 minutos"},"schema":{"@context":"https:\/\/schema.org","@graph":[{"@type":"WebPage","@id":"https:\/\/elenagarciaperez.com\/es\/reconexion-axiatonal\/","url":"https:\/\/elenagarciaperez.com\/es\/reconexion-axiatonal\/","name":"Reconexi\u00f3n Axiatonal - Elena Garcia Perez","isPartOf":{"@id":"https:\/\/elenagarciaperez.com\/es\/#website"},"datePublished":"2023-07-13T16:19:20+00:00","dateModified":"2023-08-20T18:24:07+00:00","description":"La Reconexi\u00f3n Axiatonal es el segundo paso en el camino hacia la Activaci\u00f3n del Chakra Unificado. Representa la fase final del ACU.","breadcrumb":{"@id":"https:\/\/elenagarciaperez.com\/es\/reconexion-axiatonal\/#breadcrumb"},"inLanguage":"es","potentialAction":[{"@type":"ReadAction","target":["https:\/\/elenagarciaperez.com\/es\/reconexion-axiatonal\/"]}]},{"@type":"BreadcrumbList","@id":"https:\/\/elenagarciaperez.com\/es\/reconexion-axiatonal\/#breadcrumb","itemListElement":[{"@type":"ListItem","position":1,"name":"Portada","item":"https:\/\/elenagarciaperez.com\/es\/"},{"@type":"ListItem","position":2,"name":"Reconexi\u00f3n Axiatonal"}]},{"@type":"WebSite","@id":"https:\/\/elenagarciaperez.com\/es\/#website","url":"https:\/\/elenagarciaperez.com\/es\/","name":"Elena Garcia Perez","description":"","publisher":{"@id":"https:\/\/elenagarciaperez.com\/es\/#organization"},"potentialAction":[{"@type":"SearchAction","target":{"@type":"EntryPoint","urlTemplate":"https:\/\/elenagarciaperez.com\/es\/?s={search_term_string}"},"query-input":"required name=search_term_string"}],"inLanguage":"es"},{"@type":"Organization","@id":"https:\/\/elenagarciaperez.com\/es\/#organization","name":"Elena Garcia Perez","url":"https:\/\/elenagarciaperez.com\/es\/","logo":{"@type":"ImageObject","inLanguage":"es","@id":"https:\/\/elenagarciaperez.com\/es\/#\/schema\/logo\/image\/","url":"https:\/\/elenagarciaperez.com\/es\/wp-content\/uploads\/2023\/07\/PipiletPeq.png","contentUrl":"https:\/\/elenagarciaperez.com\/es\/wp-content\/uploads\/2023\/07\/PipiletPeq.png","width":150,"height":169,"caption":"Elena Garcia Perez"},"image":{"@id":"https:\/\/elenagarciaperez.com\/es\/#\/schema\/logo\/image\/"}}]}},"_links":{"self":[{"href":"https:\/\/elenagarciaperez.com\/es\/wp-json\/wp\/v2\/pages\/722","targetHints":{"allow":["GET"]}}],"collection":[{"href":"https:\/\/elenagarciaperez.com\/es\/wp-json\/wp\/v2\/pages"}],"about":[{"href":"https:\/\/elenagarciaperez.com\/es\/wp-json\/wp\/v2\/types\/page"}],"author":[{"embeddable":true,"href":"https:\/\/elenagarciaperez.com\/es\/wp-json\/wp\/v2\/users\/1"}],"replies":[{"embeddable":true,"href":"https:\/\/elenagarciaperez.com\/es\/wp-json\/wp\/v2\/comments?post=722"}],"version-history":[{"count":47,"href":"https:\/\/elenagarciaperez.com\/es\/wp-json\/wp\/v2\/pages\/722\/revisions"}],"predecessor-version":[{"id":1102,"href":"https:\/\/elenagarciaperez.com\/es\/wp-json\/wp\/v2\/pages\/722\/revisions\/1102"}],"wp:attachment":[{"href":"https:\/\/elenagarciaperez.com\/es\/wp-json\/wp\/v2\/media?parent=722"}],"curies":[{"name":"wp","href":"https:\/\/api.w.org\/{rel}","templated":true}]}}